{"id":347,"date":"2020-11-01T09:49:02","date_gmt":"2020-11-01T08:49:02","guid":{"rendered":"http:\/\/www.bienengeri.at\/?page_id=347"},"modified":"2023-08-12T15:08:18","modified_gmt":"2023-08-12T13:08:18","slug":"das-gibts-bei-uns","status":"publish","type":"page","link":"https:\/\/www.bienengeri.at\/?page_id=347","title":{"rendered":"Das gibts bei uns!"},"content":{"rendered":"\n<figure class=\"wp-block-image size-large\"><img loading=\"lazy\" width=\"1024\" height=\"817\" src=\"https:\/\/www.bienengeri.at\/wp-content\/uploads\/2020\/11\/IMG-20201101-WA0004-1024x817.jpg\" alt=\"\" class=\"wp-image-363\" srcset=\"https:\/\/www.bienengeri.at\/wp-content\/uploads\/2020\/11\/IMG-20201101-WA0004-1024x817.jpg 1024w, https:\/\/www.bienengeri.at\/wp-content\/uploads\/2020\/11\/IMG-20201101-WA0004-300x239.jpg 300w, https:\/\/www.bienengeri.at\/wp-content\/uploads\/2020\/11\/IMG-20201101-WA0004-768x613.jpg 768w, https:\/\/www.bienengeri.at\/wp-content\/uploads\/2020\/11\/IMG-20201101-WA0004-1536x1226.jpg 1536w, https:\/\/www.bienengeri.at\/wp-content\/uploads\/2020\/11\/IMG-20201101-WA0004.jpg 1599w\" sizes=\"(max-width: 1024px) 100vw, 1024px\" \/><\/figure>\n\n\n\n<p>Zu unseren Produkten m\u00f6chten wir noch folgendes anmerken:<\/p>\n\n\n\n<p>Bitte seids uns nicht b\u00f6se wenn das eine oder andere Glas nicht mehr verf\u00fcgbar ist.<\/p>\n\n\n\n<p>Da die Bienen bei ihrem Tun stark vom Wetter abh\u00e4ngig sind, kann man den Honigertrag nicht vorhersehen. Sie sind stets bem\u00fcht ihr Bestes zu geben, ich nat\u00fcrlich auch \ud83d\ude42 <\/p>\n\n\n\n<figure class=\"wp-block-image size-large is-resized\"><img loading=\"lazy\" src=\"https:\/\/www.bienengeri.at\/wp-content\/uploads\/2020\/11\/IMG-20201028-WA0005-768x1024.jpg\" alt=\"\" class=\"wp-image-357\" width=\"310\" height=\"413\" srcset=\"https:\/\/www.bienengeri.at\/wp-content\/uploads\/2020\/11\/IMG-20201028-WA0005-768x1024.jpg 768w, https:\/\/www.bienengeri.at\/wp-content\/uploads\/2020\/11\/IMG-20201028-WA0005-225x300.jpg 225w, https:\/\/www.bienengeri.at\/wp-content\/uploads\/2020\/11\/IMG-20201028-WA0005-1152x1536.jpg 1152w, https:\/\/www.bienengeri.at\/wp-content\/uploads\/2020\/11\/IMG-20201028-WA0005.jpg 1200w\" sizes=\"(max-width: 310px) 100vw, 310px\" \/><\/figure>\n\n\n\n<p class=\"has-text-align-left\">\u00d6sterreichischer BIO-Honig 1000g <\/p>\n\n\n\n<p class=\"has-text-align-left\">Preis ab Hof \u20ac 15.00<\/p>\n\n\n\n<p><\/p>\n\n\n\n<figure class=\"wp-block-image size-large is-resized\"><img loading=\"lazy\" src=\"https:\/\/www.bienengeri.at\/wp-content\/uploads\/2020\/11\/IMG-20201028-WA0009-888x1024.jpg\" alt=\"\" class=\"wp-image-358\" width=\"299\" height=\"344\" srcset=\"https:\/\/www.bienengeri.at\/wp-content\/uploads\/2020\/11\/IMG-20201028-WA0009-888x1024.jpg 888w, https:\/\/www.bienengeri.at\/wp-content\/uploads\/2020\/11\/IMG-20201028-WA0009-260x300.jpg 260w, https:\/\/www.bienengeri.at\/wp-content\/uploads\/2020\/11\/IMG-20201028-WA0009-768x886.jpg 768w, https:\/\/www.bienengeri.at\/wp-content\/uploads\/2020\/11\/IMG-20201028-WA0009-1332x1536.jpg 1332w, https:\/\/www.bienengeri.at\/wp-content\/uploads\/2020\/11\/IMG-20201028-WA0009.jpg 1387w\" sizes=\"(max-width: 299px) 100vw, 299px\" \/><\/figure>\n\n\n\n<p class=\"has-text-align-left\">\u00d6sterreichischer BIO-Honig 500g <\/p>\n\n\n\n<p class=\"has-text-align-left\">Preis ab Hof \u20ac 8.50<\/p>\n\n\n\n<p><\/p>\n\n\n\n<figure class=\"wp-block-image size-large is-resized\"><img loading=\"lazy\" src=\"https:\/\/www.bienengeri.at\/wp-content\/uploads\/2020\/11\/IMG-20201028-WA0003-2-933x1024.jpg\" alt=\"\" class=\"wp-image-360\" width=\"298\" height=\"327\" srcset=\"https:\/\/www.bienengeri.at\/wp-content\/uploads\/2020\/11\/IMG-20201028-WA0003-2-933x1024.jpg 933w, https:\/\/www.bienengeri.at\/wp-content\/uploads\/2020\/11\/IMG-20201028-WA0003-2-273x300.jpg 273w, https:\/\/www.bienengeri.at\/wp-content\/uploads\/2020\/11\/IMG-20201028-WA0003-2-768x843.jpg 768w, https:\/\/www.bienengeri.at\/wp-content\/uploads\/2020\/11\/IMG-20201028-WA0003-2.jpg 1072w\" sizes=\"(max-width: 298px) 100vw, 298px\" \/><\/figure>\n\n\n\n<p class=\"has-text-align-left\">\u00d6sterreichischer BIO-Honig 250g<\/p>\n\n\n\n<p class=\"has-text-align-left\">Preis ab Hof \u20ac 5.00<\/p>\n\n\n\n<p><\/p>\n\n\n\n<figure class=\"wp-block-image size-large is-resized\"><img loading=\"lazy\" src=\"https:\/\/www.bienengeri.at\/wp-content\/uploads\/2020\/11\/IMG-20201028-WA0006-2-1024x825.jpg\" alt=\"\" class=\"wp-image-361\" width=\"336\" height=\"271\" srcset=\"https:\/\/www.bienengeri.at\/wp-content\/uploads\/2020\/11\/IMG-20201028-WA0006-2-1024x825.jpg 1024w, https:\/\/www.bienengeri.at\/wp-content\/uploads\/2020\/11\/IMG-20201028-WA0006-2-300x242.jpg 300w, https:\/\/www.bienengeri.at\/wp-content\/uploads\/2020\/11\/IMG-20201028-WA0006-2-768x619.jpg 768w, https:\/\/www.bienengeri.at\/wp-content\/uploads\/2020\/11\/IMG-20201028-WA0006-2.jpg 1364w\" sizes=\"(max-width: 336px) 100vw, 336px\" \/><\/figure>\n\n\n\n<p class=\"has-text-align-left\">\u00d6sterreichischer BIO-Honig 135g<\/p>\n\n\n\n<p class=\"has-text-align-left\">Preis ab Hof \u20ac 3.50<\/p>\n","protected":false},"excerpt":{"rendered":"<div class=\"entry-summary\">\n<div class=\"entry-summary\">\nZu unseren Produkten m\u00f6chten wir noch folgendes anmerken: Bitte seids uns nicht&hellip;\n<\/div>\n<div class=\"link-more\"><a href=\"https:\/\/www.bienengeri.at\/?page_id=347\" class=\"more-link\">Continue reading<span class=\"screen-reader-text\"> &ldquo;Das gibts bei uns!&rdquo;<\/span>&hellip;<\/a><\/div>\n<\/div>\n<div class=\"link-more\"><a href=\"https:\/\/www.bienengeri.at\/?page_id=347\" class=\"more-link\">Continue reading<span class=\"screen-reader-text\"> &ldquo;Das gibts bei uns!&rdquo;<\/span>&hellip;<\/a><\/div>\n","protected":false},"author":1,"featured_media":0,"parent":0,"menu_order":0,"comment_status":"open","ping_status":"closed","template":"","meta":[],"acf":[],"jetpack_sharing_enabled":true,"_links":{"self":[{"href":"https:\/\/www.bienengeri.at\/index.php?rest_route=\/wp\/v2\/pages\/347"}],"collection":[{"href":"https:\/\/www.bienengeri.at\/index.php?rest_route=\/wp\/v2\/pages"}],"about":[{"href":"https:\/\/www.bienengeri.at\/index.php?rest_route=\/wp\/v2\/types\/page"}],"author":[{"embeddable":true,"href":"https:\/\/www.bienengeri.at\/index.php?rest_route=\/wp\/v2\/users\/1"}],"replies":[{"embeddable":true,"href":"https:\/\/www.bienengeri.at\/index.php?rest_route=%2Fwp%2Fv2%2Fcomments&post=347"}],"version-history":[{"count":8,"href":"https:\/\/www.bienengeri.at\/index.php?rest_route=\/wp\/v2\/pages\/347\/revisions"}],"predecessor-version":[{"id":678,"href":"https:\/\/www.bienengeri.at\/index.php?rest_route=\/wp\/v2\/pages\/347\/revisions\/678"}],"wp:attachment":[{"href":"https:\/\/www.bienengeri.at\/index.php?rest_route=%2Fwp%2Fv2%2Fmedia&parent=347"}],"curies":[{"name":"wp","href":"https:\/\/api.w.org\/{rel}","templated":true}]}}