{"id":666,"date":"2023-07-31T18:20:57","date_gmt":"2023-07-31T16:20:57","guid":{"rendered":"https:\/\/www.bienengeri.at\/?page_id=666"},"modified":"2023-10-07T20:08:39","modified_gmt":"2023-10-07T18:08:39","slug":"weidegaense","status":"publish","type":"page","link":"https:\/\/www.bienengeri.at\/?page_id=666","title":{"rendered":"Weideg\u00e4nse"},"content":{"rendered":"\n<p>Auf unserem idyllischen Hof gibt es heuer echte steirische Weideg\u00e4nse. Wir glauben fest daran, dass eine artgerechte Haltung und nat\u00fcrliche F\u00fctterung die Grundlagen f\u00fcr au\u00dfergew\u00f6hnlichen Geschmack und zartes Fleisch legen. <\/p>\n\n\n\n<figure class=\"wp-container-2 wp-block-gallery-1 wp-block-gallery has-nested-images columns-default is-cropped\">\n<figure class=\"wp-block-image size-large\"><a href=\"https:\/\/www.bienengeri.at\/wp-content\/uploads\/2023\/10\/3ad74656-f9cf-4927-8503-886ec93f1bb7.jpg\"><img loading=\"lazy\" width=\"1024\" height=\"768\" data-id=\"705\"  src=\"https:\/\/www.bienengeri.at\/wp-content\/uploads\/2023\/10\/3ad74656-f9cf-4927-8503-886ec93f1bb7-1024x768.jpg\" alt=\"\" class=\"wp-image-705\" srcset=\"https:\/\/www.bienengeri.at\/wp-content\/uploads\/2023\/10\/3ad74656-f9cf-4927-8503-886ec93f1bb7-1024x768.jpg 1024w, https:\/\/www.bienengeri.at\/wp-content\/uploads\/2023\/10\/3ad74656-f9cf-4927-8503-886ec93f1bb7-300x225.jpg 300w, https:\/\/www.bienengeri.at\/wp-content\/uploads\/2023\/10\/3ad74656-f9cf-4927-8503-886ec93f1bb7-768x576.jpg 768w, https:\/\/www.bienengeri.at\/wp-content\/uploads\/2023\/10\/3ad74656-f9cf-4927-8503-886ec93f1bb7-1536x1152.jpg 1536w, https:\/\/www.bienengeri.at\/wp-content\/uploads\/2023\/10\/3ad74656-f9cf-4927-8503-886ec93f1bb7.jpg 2000w\" sizes=\"(max-width: 1024px) 100vw, 1024px\" \/><\/a><\/figure>\n\n\n\n<figure class=\"wp-block-image size-large\"><a href=\"https:\/\/www.bienengeri.at\/wp-content\/uploads\/2023\/10\/PHOTO-2023-07-31-16-32-17.jpg\"><img loading=\"lazy\" width=\"1500\" height=\"2000\" data-id=\"703\"  src=\"https:\/\/www.bienengeri.at\/wp-content\/uploads\/2023\/10\/PHOTO-2023-07-31-16-32-17.jpg\" alt=\"\" class=\"wp-image-703\" srcset=\"https:\/\/www.bienengeri.at\/wp-content\/uploads\/2023\/10\/PHOTO-2023-07-31-16-32-17.jpg 1500w, https:\/\/www.bienengeri.at\/wp-content\/uploads\/2023\/10\/PHOTO-2023-07-31-16-32-17-225x300.jpg 225w, https:\/\/www.bienengeri.at\/wp-content\/uploads\/2023\/10\/PHOTO-2023-07-31-16-32-17-768x1024.jpg 768w, https:\/\/www.bienengeri.at\/wp-content\/uploads\/2023\/10\/PHOTO-2023-07-31-16-32-17-1152x1536.jpg 1152w\" sizes=\"(max-width: 1500px) 100vw, 1500px\" \/><\/a><\/figure>\n\n\n\n<figure class=\"wp-block-image size-large\"><a href=\"https:\/\/www.bienengeri.at\/wp-content\/uploads\/2023\/10\/PHOTO-2023-07-31-16-32-16-2.jpg\"><img loading=\"lazy\" width=\"1500\" height=\"2000\" data-id=\"704\"  src=\"https:\/\/www.bienengeri.at\/wp-content\/uploads\/2023\/10\/PHOTO-2023-07-31-16-32-16-2.jpg\" alt=\"\" class=\"wp-image-704\" srcset=\"https:\/\/www.bienengeri.at\/wp-content\/uploads\/2023\/10\/PHOTO-2023-07-31-16-32-16-2.jpg 1500w, https:\/\/www.bienengeri.at\/wp-content\/uploads\/2023\/10\/PHOTO-2023-07-31-16-32-16-2-225x300.jpg 225w, https:\/\/www.bienengeri.at\/wp-content\/uploads\/2023\/10\/PHOTO-2023-07-31-16-32-16-2-768x1024.jpg 768w, https:\/\/www.bienengeri.at\/wp-content\/uploads\/2023\/10\/PHOTO-2023-07-31-16-32-16-2-1152x1536.jpg 1152w\" sizes=\"(max-width: 1500px) 100vw, 1500px\" \/><\/a><\/figure>\n\n\n\n<figure class=\"wp-block-image size-large\"><a href=\"https:\/\/www.bienengeri.at\/wp-content\/uploads\/2023\/10\/PHOTO-2023-07-31-16-32-21-5.jpg\"><img loading=\"lazy\" width=\"1024\" height=\"768\" data-id=\"701\"  src=\"https:\/\/www.bienengeri.at\/wp-content\/uploads\/2023\/10\/PHOTO-2023-07-31-16-32-21-5-1024x768.jpg\" alt=\"\" class=\"wp-image-701\" srcset=\"https:\/\/www.bienengeri.at\/wp-content\/uploads\/2023\/10\/PHOTO-2023-07-31-16-32-21-5-1024x768.jpg 1024w, https:\/\/www.bienengeri.at\/wp-content\/uploads\/2023\/10\/PHOTO-2023-07-31-16-32-21-5-300x225.jpg 300w, https:\/\/www.bienengeri.at\/wp-content\/uploads\/2023\/10\/PHOTO-2023-07-31-16-32-21-5-768x576.jpg 768w, https:\/\/www.bienengeri.at\/wp-content\/uploads\/2023\/10\/PHOTO-2023-07-31-16-32-21-5-1536x1152.jpg 1536w, https:\/\/www.bienengeri.at\/wp-content\/uploads\/2023\/10\/PHOTO-2023-07-31-16-32-21-5.jpg 2000w\" sizes=\"(max-width: 1024px) 100vw, 1024px\" \/><\/a><\/figure>\n<\/figure>\n\n\n\n<p><\/p>\n\n\n\n<p><strong>Nat\u00fcrliche F\u00fctterung: Schmackhaftes G\u00e4nsefleisch<\/strong><\/p>\n\n\n\n<p>Unsere Weideg\u00e4nse genie\u00dfen seit Anfang Juni ein Leben inmitten der Natur. Gro\u00dfe Weidefl\u00e4chen bieten unseren Tieren gen\u00fcgend Platz, um sich frei zu bewegen und frische Luft zu schnappen. Unsere Weideg\u00e4nse werden ausschlie\u00dflich mit nat\u00fcrlichen Futtermitteln gef\u00fcttert. Das bedeutet, dass sie sich von frischem Gras, Getreide und gesunden Pflanzen ern\u00e4hren. All das macht das Fleisch unserer Weideg\u00e4nse besonders schmackhaft, kompakt und relativ fettarm.  <\/p>\n\n\n\n<figure class=\"wp-block-image size-large\"><img loading=\"lazy\" width=\"1024\" height=\"768\" src=\"https:\/\/www.bienengeri.at\/wp-content\/uploads\/2023\/10\/e470f6a4-70d4-45ef-834c-8f484f083c2e-1024x768.jpg\" alt=\"\" class=\"wp-image-702\" srcset=\"https:\/\/www.bienengeri.at\/wp-content\/uploads\/2023\/10\/e470f6a4-70d4-45ef-834c-8f484f083c2e-1024x768.jpg 1024w, https:\/\/www.bienengeri.at\/wp-content\/uploads\/2023\/10\/e470f6a4-70d4-45ef-834c-8f484f083c2e-300x225.jpg 300w, https:\/\/www.bienengeri.at\/wp-content\/uploads\/2023\/10\/e470f6a4-70d4-45ef-834c-8f484f083c2e-768x576.jpg 768w, https:\/\/www.bienengeri.at\/wp-content\/uploads\/2023\/10\/e470f6a4-70d4-45ef-834c-8f484f083c2e-1536x1152.jpg 1536w, https:\/\/www.bienengeri.at\/wp-content\/uploads\/2023\/10\/e470f6a4-70d4-45ef-834c-8f484f083c2e.jpg 2000w\" sizes=\"(max-width: 1024px) 100vw, 1024px\" \/><\/figure>\n\n\n\n<p><\/p>\n\n\n\n<p><strong>Bestellen Sie Ihre Weidegans noch heute<\/strong><\/p>\n\n\n\n<p>Erleben Sie den Unterschied von erstklassigem G\u00e4nsefleisch aus nat\u00fcrlicher Aufzucht. Bestellen Sie noch heute Ihre Weidegans unter 0664 2267386. Unsere G\u00e4nse sind nicht nur ein Festmahl f\u00fcr besondere Anl\u00e4sse, sondern auch ein Ausdruck von Qualit\u00e4t und Hingabe. Sie sind perfekt f\u00fcr traditionelle Feiertage wie Weihnachten oder Martini geeignet. Wir freuen uns darauf, Ihren festlichen Anlass zu einem unvergesslichen Ereignis zu machen.<\/p>\n","protected":false},"excerpt":{"rendered":"<div class=\"entry-summary\">\n<div class=\"entry-summary\">\nAuf unserem idyllischen Hof gibt es heuer echte steirische Weideg\u00e4nse. Wir glauben&hellip;\n<\/div>\n<div class=\"link-more\"><a href=\"https:\/\/www.bienengeri.at\/?page_id=666\" class=\"more-link\">Continue reading<span class=\"screen-reader-text\"> &ldquo;Weideg\u00e4nse&rdquo;<\/span>&hellip;<\/a><\/div>\n<\/div>\n<div class=\"link-more\"><a href=\"https:\/\/www.bienengeri.at\/?page_id=666\" class=\"more-link\">Continue reading<span class=\"screen-reader-text\"> &ldquo;Weideg\u00e4nse&rdquo;<\/span>&hellip;<\/a><\/div>\n","protected":false},"author":1,"featured_media":0,"parent":0,"menu_order":0,"comment_status":"closed","ping_status":"closed","template":"","meta":[],"acf":[],"jetpack_sharing_enabled":true,"_links":{"self":[{"href":"https:\/\/www.bienengeri.at\/index.php?rest_route=\/wp\/v2\/pages\/666"}],"collection":[{"href":"https:\/\/www.bienengeri.at\/index.php?rest_route=\/wp\/v2\/pages"}],"about":[{"href":"https:\/\/www.bienengeri.at\/index.php?rest_route=\/wp\/v2\/types\/page"}],"author":[{"embeddable":true,"href":"https:\/\/www.bienengeri.at\/index.php?rest_route=\/wp\/v2\/users\/1"}],"replies":[{"embeddable":true,"href":"https:\/\/www.bienengeri.at\/index.php?rest_route=%2Fwp%2Fv2%2Fcomments&post=666"}],"version-history":[{"count":7,"href":"https:\/\/www.bienengeri.at\/index.php?rest_route=\/wp\/v2\/pages\/666\/revisions"}],"predecessor-version":[{"id":710,"href":"https:\/\/www.bienengeri.at\/index.php?rest_route=\/wp\/v2\/pages\/666\/revisions\/710"}],"wp:attachment":[{"href":"https:\/\/www.bienengeri.at\/index.php?rest_route=%2Fwp%2Fv2%2Fmedia&parent=666"}],"curies":[{"name":"wp","href":"https:\/\/api.w.org\/{rel}","templated":true}]}}